{"id":198,"date":"2020-03-06T15:20:22","date_gmt":"2020-03-06T14:20:22","guid":{"rendered":"https:\/\/guidesvalais.com\/home\/"},"modified":"2024-12-14T10:11:54","modified_gmt":"2024-12-14T09:11:54","slug":"home","status":"publish","type":"page","link":"https:\/\/guidesvalais.com\/de\/","title":{"rendered":"Home"},"content":{"rendered":"","protected":false},"excerpt":{"rendered":"","protected":false},"author":1,"featured_media":0,"parent":0,"menu_order":0,"comment_status":"closed","ping_status":"closed","template":"","meta":{"footnotes":""},"yoast_head":"<!-- This site is optimized with the Yoast SEO plugin v24.0 - https:\/\/yoast.com\/wordpress\/plugins\/seo\/ -->\n<title>Guides Valais - Aventures, Passion et Libert\u00e9...<\/title>\n<meta name=\"description\" content=\"Des solutions personnalis\u00e9es pour que vous puissiez r\u00e9aliser vos r\u00eaves alpins les plus fous !!! D\u00e9couvrez nos offres \u00e9t\u00e9 ou hiver\" \/>\n<meta name=\"robots\" content=\"index, follow, max-snippet:-1, max-image-preview:large, max-video-preview:-1\" \/>\n<link rel=\"canonical\" href=\"https:\/\/guidesvalais.com\/de\/\" \/>\n<meta property=\"og:locale\" content=\"de_DE\" \/>\n<meta property=\"og:type\" content=\"article\" \/>\n<meta property=\"og:title\" content=\"Guides Valais - Aventures, Passion et Libert\u00e9...\" \/>\n<meta property=\"og:description\" content=\"Des solutions personnalis\u00e9es pour que vous puissiez r\u00e9aliser vos r\u00eaves alpins les plus fous !!! D\u00e9couvrez nos offres \u00e9t\u00e9 ou hiver\" \/>\n<meta property=\"og:url\" content=\"https:\/\/guidesvalais.com\/de\/\" \/>\n<meta property=\"og:site_name\" content=\"Guides Valais\" \/>\n<meta property=\"article:modified_time\" content=\"2024-12-14T09:11:54+00:00\" \/>\n<meta name=\"twitter:card\" content=\"summary_large_image\" \/>\n<script type=\"application\/ld+json\" class=\"yoast-schema-graph\">{\"@context\":\"https:\/\/schema.org\",\"@graph\":[{\"@type\":\"WebPage\",\"@id\":\"https:\/\/guidesvalais.com\/de\/\",\"url\":\"https:\/\/guidesvalais.com\/de\/\",\"name\":\"Guides Valais - Aventures, Passion et Libert\u00e9...\",\"isPartOf\":{\"@id\":\"https:\/\/guidesvalais.com\/de\/#website\"},\"datePublished\":\"2020-03-06T14:20:22+00:00\",\"dateModified\":\"2024-12-14T09:11:54+00:00\",\"description\":\"Des solutions personnalis\u00e9es pour que vous puissiez r\u00e9aliser vos r\u00eaves alpins les plus fous !!! D\u00e9couvrez nos offres \u00e9t\u00e9 ou hiver\",\"breadcrumb\":{\"@id\":\"https:\/\/guidesvalais.com\/de\/#breadcrumb\"},\"inLanguage\":\"de\",\"potentialAction\":[{\"@type\":\"ReadAction\",\"target\":[\"https:\/\/guidesvalais.com\/de\/\"]}]},{\"@type\":\"BreadcrumbList\",\"@id\":\"https:\/\/guidesvalais.com\/de\/#breadcrumb\",\"itemListElement\":[{\"@type\":\"ListItem\",\"position\":1,\"name\":\"Accueil\",\"item\":\"https:\/\/guidesvalais.com\/de\/\"},{\"@type\":\"ListItem\",\"position\":2,\"name\":\"Home\"}]},{\"@type\":\"WebSite\",\"@id\":\"https:\/\/guidesvalais.com\/de\/#website\",\"url\":\"https:\/\/guidesvalais.com\/de\/\",\"name\":\"Guides Valais\",\"description\":\"Aventures, Passion et Libert\u00e9...\",\"publisher\":{\"@id\":\"https:\/\/guidesvalais.com\/de\/#organization\"},\"potentialAction\":[{\"@type\":\"SearchAction\",\"target\":{\"@type\":\"EntryPoint\",\"urlTemplate\":\"https:\/\/guidesvalais.com\/de\/?s={search_term_string}\"},\"query-input\":{\"@type\":\"PropertyValueSpecification\",\"valueRequired\":true,\"valueName\":\"search_term_string\"}}],\"inLanguage\":\"de\"},{\"@type\":\"Organization\",\"@id\":\"https:\/\/guidesvalais.com\/de\/#organization\",\"name\":\"Guides Valais\",\"url\":\"https:\/\/guidesvalais.com\/de\/\",\"logo\":{\"@type\":\"ImageObject\",\"inLanguage\":\"de\",\"@id\":\"https:\/\/guidesvalais.com\/de\/#\/schema\/logo\/image\/\",\"url\":\"https:\/\/guidesvalais.com\/wp-content\/uploads\/2020\/04\/GV_Logo_225x50.png\",\"contentUrl\":\"https:\/\/guidesvalais.com\/wp-content\/uploads\/2020\/04\/GV_Logo_225x50.png\",\"width\":225,\"height\":50,\"caption\":\"Guides Valais\"},\"image\":{\"@id\":\"https:\/\/guidesvalais.com\/de\/#\/schema\/logo\/image\/\"}}]}<\/script>\n<!-- \/ Yoast SEO plugin. -->","yoast_head_json":{"title":"Guides Valais - Aventures, Passion et Libert\u00e9...","description":"Des solutions personnalis\u00e9es pour que vous puissiez r\u00e9aliser vos r\u00eaves alpins les plus fous !!! D\u00e9couvrez nos offres \u00e9t\u00e9 ou hiver","robots":{"index":"index","follow":"follow","max-snippet":"max-snippet:-1","max-image-preview":"max-image-preview:large","max-video-preview":"max-video-preview:-1"},"canonical":"https:\/\/guidesvalais.com\/de\/","og_locale":"de_DE","og_type":"article","og_title":"Guides Valais - Aventures, Passion et Libert\u00e9...","og_description":"Des solutions personnalis\u00e9es pour que vous puissiez r\u00e9aliser vos r\u00eaves alpins les plus fous !!! D\u00e9couvrez nos offres \u00e9t\u00e9 ou hiver","og_url":"https:\/\/guidesvalais.com\/de\/","og_site_name":"Guides Valais","article_modified_time":"2024-12-14T09:11:54+00:00","twitter_card":"summary_large_image","schema":{"@context":"https:\/\/schema.org","@graph":[{"@type":"WebPage","@id":"https:\/\/guidesvalais.com\/de\/","url":"https:\/\/guidesvalais.com\/de\/","name":"Guides Valais - Aventures, Passion et Libert\u00e9...","isPartOf":{"@id":"https:\/\/guidesvalais.com\/de\/#website"},"datePublished":"2020-03-06T14:20:22+00:00","dateModified":"2024-12-14T09:11:54+00:00","description":"Des solutions personnalis\u00e9es pour que vous puissiez r\u00e9aliser vos r\u00eaves alpins les plus fous !!! D\u00e9couvrez nos offres \u00e9t\u00e9 ou hiver","breadcrumb":{"@id":"https:\/\/guidesvalais.com\/de\/#breadcrumb"},"inLanguage":"de","potentialAction":[{"@type":"ReadAction","target":["https:\/\/guidesvalais.com\/de\/"]}]},{"@type":"BreadcrumbList","@id":"https:\/\/guidesvalais.com\/de\/#breadcrumb","itemListElement":[{"@type":"ListItem","position":1,"name":"Accueil","item":"https:\/\/guidesvalais.com\/de\/"},{"@type":"ListItem","position":2,"name":"Home"}]},{"@type":"WebSite","@id":"https:\/\/guidesvalais.com\/de\/#website","url":"https:\/\/guidesvalais.com\/de\/","name":"Guides Valais","description":"Aventures, Passion et Libert\u00e9...","publisher":{"@id":"https:\/\/guidesvalais.com\/de\/#organization"},"potentialAction":[{"@type":"SearchAction","target":{"@type":"EntryPoint","urlTemplate":"https:\/\/guidesvalais.com\/de\/?s={search_term_string}"},"query-input":{"@type":"PropertyValueSpecification","valueRequired":true,"valueName":"search_term_string"}}],"inLanguage":"de"},{"@type":"Organization","@id":"https:\/\/guidesvalais.com\/de\/#organization","name":"Guides Valais","url":"https:\/\/guidesvalais.com\/de\/","logo":{"@type":"ImageObject","inLanguage":"de","@id":"https:\/\/guidesvalais.com\/de\/#\/schema\/logo\/image\/","url":"https:\/\/guidesvalais.com\/wp-content\/uploads\/2020\/04\/GV_Logo_225x50.png","contentUrl":"https:\/\/guidesvalais.com\/wp-content\/uploads\/2020\/04\/GV_Logo_225x50.png","width":225,"height":50,"caption":"Guides Valais"},"image":{"@id":"https:\/\/guidesvalais.com\/de\/#\/schema\/logo\/image\/"}}]}},"_links":{"self":[{"href":"https:\/\/guidesvalais.com\/de\/wp-json\/wp\/v2\/pages\/198"}],"collection":[{"href":"https:\/\/guidesvalais.com\/de\/wp-json\/wp\/v2\/pages"}],"about":[{"href":"https:\/\/guidesvalais.com\/de\/wp-json\/wp\/v2\/types\/page"}],"author":[{"embeddable":true,"href":"https:\/\/guidesvalais.com\/de\/wp-json\/wp\/v2\/users\/1"}],"replies":[{"embeddable":true,"href":"https:\/\/guidesvalais.com\/de\/wp-json\/wp\/v2\/comments?post=198"}],"version-history":[{"count":1,"href":"https:\/\/guidesvalais.com\/de\/wp-json\/wp\/v2\/pages\/198\/revisions"}],"predecessor-version":[{"id":200,"href":"https:\/\/guidesvalais.com\/de\/wp-json\/wp\/v2\/pages\/198\/revisions\/200"}],"wp:attachment":[{"href":"https:\/\/guidesvalais.com\/de\/wp-json\/wp\/v2\/media?parent=198"}],"curies":[{"name":"wp","href":"https:\/\/api.w.org\/{rel}","templated":true}]}}